{"id":79369,"date":"2018-07-28T16:07:17","date_gmt":"2018-07-28T16:07:17","guid":{"rendered":"http:\/\/humandesignforusall.ebizontech.biz\/chetan-parkyn\/"},"modified":"2019-12-10T14:48:12","modified_gmt":"2019-12-10T14:48:12","slug":"chetan-parkyn","status":"publish","type":"page","link":"https:\/\/evolutionaryhumandesign.com\/de\/chetan-parkyn\/","title":{"rendered":"About"},"content":{"rendered":"\t\t<div data-elementor-type=\"wp-post\" data-elementor-id=\"79369\" class=\"elementor elementor-79369\" data-elementor-post-type=\"page\">\n\t\t\t\t\t\t<section class=\"has_eae_slider elementor-section elementor-top-section elementor-element elementor-element-10b3474 elementor-section-boxed elementor-section-height-default elementor-section-height-default\" data-eae-slider=\"6489\" data-id=\"10b3474\" data-element_type=\"section\" data-e-type=\"section\">\n\t\t\t\t\t\t<div class=\"elementor-container elementor-column-gap-default\">\n\t\t\t\t\t<div class=\"has_eae_slider elementor-column elementor-col-100 elementor-top-column elementor-element elementor-element-988c61c elementor-invisible\" data-eae-slider=\"12138\" data-id=\"988c61c\" data-element_type=\"column\" data-e-type=\"column\" data-settings=\"{&quot;animation&quot;:&quot;fadeIn&quot;,&quot;animation_delay&quot;:200}\">\n\t\t\t<div class=\"elementor-widget-wrap elementor-element-populated\">\n\t\t\t\t\t\t<div class=\"elementor-element elementor-element-7b75cff elementor-widget elementor-widget-heading\" data-id=\"7b75cff\" data-element_type=\"widget\" data-e-type=\"widget\" data-widget_type=\"heading.default\">\n\t\t\t\t<div class=\"elementor-widget-container\">\n\t\t\t\t\t<h2 class=\"elementor-heading-title elementor-size-default elementor-heading-title elementor-align-after-center elementor-align-after-mobile-center elementor-align-after-tablet-left\">\"Seine Worte k\u00f6nnen Leben ver\u00e4ndern\"\n<\/h2>\t\t\t\t<\/div>\n\t\t\t\t<\/div>\n\t\t\t\t\t<\/div>\n\t\t<\/div>\n\t\t\t\t\t<\/div>\n\t\t<\/section>\n\t\t\t\t<section class=\"has_eae_slider elementor-section elementor-top-section elementor-element elementor-element-dcf2975 elementor-section-boxed elementor-section-height-default elementor-section-height-default\" data-eae-slider=\"94322\" data-id=\"dcf2975\" data-element_type=\"section\" data-e-type=\"section\">\n\t\t\t\t\t\t<div class=\"elementor-container elementor-column-gap-default\">\n\t\t\t\t\t<div class=\"has_eae_slider elementor-column elementor-col-50 elementor-top-column elementor-element elementor-element-00dfc1f elementor-invisible\" data-eae-slider=\"51255\" data-id=\"00dfc1f\" data-element_type=\"column\" data-e-type=\"column\" data-settings=\"{&quot;animation&quot;:&quot;fadeIn&quot;}\">\n\t\t\t<div class=\"elementor-widget-wrap elementor-element-populated\">\n\t\t\t\t\t\t<div class=\"elementor-element elementor-element-038099b elementor-widget elementor-widget-image\" data-id=\"038099b\" data-element_type=\"widget\" data-e-type=\"widget\" id=\"brder_img\" data-widget_type=\"image.default\">\n\t\t\t\t<div class=\"elementor-widget-container\">\n\t\t\t\t\t\t\t\t\t\t\t\t\t\t\t<img fetchpriority=\"high\" decoding=\"async\" width=\"187\" height=\"280\" src=\"https:\/\/evolutionaryhumandesign.com\/wp-content\/uploads\/2019\/10\/Chetan-Clear-smaller.jpg\" class=\"attachment-large size-large wp-image-187739\" alt=\"\" srcset=\"https:\/\/evolutionaryhumandesign.com\/wp-content\/uploads\/2019\/10\/Chetan-Clear-smaller.jpg 187w, https:\/\/evolutionaryhumandesign.com\/wp-content\/uploads\/2019\/10\/Chetan-Clear-smaller-100x150.jpg 100w\" sizes=\"(max-width: 187px) 100vw, 187px\" \/>\t\t\t\t\t\t\t\t\t\t\t\t\t\t\t<\/div>\n\t\t\t\t<\/div>\n\t\t\t\t\t<\/div>\n\t\t<\/div>\n\t\t\t\t<div class=\"has_eae_slider elementor-column elementor-col-50 elementor-top-column elementor-element elementor-element-45d6da8 elementor-invisible\" data-eae-slider=\"87915\" data-id=\"45d6da8\" data-element_type=\"column\" data-e-type=\"column\" data-settings=\"{&quot;animation&quot;:&quot;fadeIn&quot;,&quot;animation_delay&quot;:200}\">\n\t\t\t<div class=\"elementor-widget-wrap elementor-element-populated\">\n\t\t\t\t\t\t<div class=\"elementor-element elementor-element-e9da1ee elementor-widget elementor-widget-text-editor\" data-id=\"e9da1ee\" data-element_type=\"widget\" data-e-type=\"widget\" data-widget_type=\"text-editor.default\">\n\t\t\t\t<div class=\"elementor-widget-container\">\n\t\t\t\t\t\t\t\t\t<p>Chetan Parkyn gibt seit f\u00fcnfunddreissig Jahren Readings f\u00fcr Menschen aus allen Gesellschaftsschichten und allen Nationalit\u00e4ten. Die letzten dreiundzwanzig Jahre hat er voll und ganz damit verbracht, Human Design zu meistern. Er ist mehr als ein f\u00fchrender Praktiker dieses Systems. Chetan ist Autor des ersten umfassenden Buches zu diesem Thema, das inzwischen schon in elf verschiedenen Sprachen erh\u00e4ltlich ist. Seine Mission besteht darin, Human Design weltweit zu verbreiten<\/p><p>Chetan wuchs als Sohn eines Unternehmers auf und machte einen Abschluss in Maschinenbau. Er hat sich sowohl mit der Welt der Technik als auch mit der Welt der Mystik zutiefst auseinandergesetzt. Er war Tauchingenieur und ein eifriger Meditationssch\u00fcler. Seine Reisen durch Indien und die Zeit, die er mit dem erleuchteten Mystiker Osho verbrachte, f\u00fchrten Chetan schliesslich zu seiner Bestimmung \u2014 Menschen bei der Entdeckung Ihres Selbst zu unterst\u00fctzen.<\/p>\t\t\t\t\t\t\t\t<\/div>\n\t\t\t\t<\/div>\n\t\t\t\t\t<\/div>\n\t\t<\/div>\n\t\t\t\t\t<\/div>\n\t\t<\/section>\n\t\t\t\t<section class=\"has_eae_slider elementor-section elementor-top-section elementor-element elementor-element-47149d2 elementor-section-boxed elementor-section-height-default elementor-section-height-default\" data-eae-slider=\"87352\" data-id=\"47149d2\" data-element_type=\"section\" data-e-type=\"section\">\n\t\t\t\t\t\t<div class=\"elementor-container elementor-column-gap-default\">\n\t\t\t\t\t<div class=\"has_eae_slider elementor-column elementor-col-100 elementor-top-column elementor-element elementor-element-8c04a88\" data-eae-slider=\"49210\" data-id=\"8c04a88\" data-element_type=\"column\" data-e-type=\"column\">\n\t\t\t<div class=\"elementor-widget-wrap elementor-element-populated\">\n\t\t\t\t\t\t<div class=\"elementor-element elementor-element-98d1d2a elementor-widget elementor-widget-text-editor\" data-id=\"98d1d2a\" data-element_type=\"widget\" data-e-type=\"widget\" data-widget_type=\"text-editor.default\">\n\t\t\t\t<div class=\"elementor-widget-container\">\n\t\t\t\t\t\t\t\t\tSeine Bestimmung entdeckte Chetan anl\u00e4sslich einer Konsultation bei einem Chayyashastri (Schattenleser) in Bombay (heute Mumbai), im Jahre 1979 Chetan reichten die Erkenntnisse, die er in seiner T\u00e4tigkeit als Ingenieur gemacht hatte, nicht mehr aus und er wollte mehr \u00fcber sich selbst erfahren. Um mehr Klarheit zu finden, empfahl man ihm eine Sitzung beim Schattenleser. Chetan erhielt einen tiefen Einblick in alle Bereiche seines Lebens. Es wurden ihm Dinge \u00fcber sich offenbart, die er schon l\u00e4ngst vergessen hatte oder denen er keine Bedeutung beigemessen hatte. Am Schluss der Session lud ihn der Schattenleser dazu ein, mit ihm zusammen zu arbeiten\u2026\u201cweil du diese Art von Arbeit kannst.\n\nChetan war von den tiefgr\u00fcndigen Information, die er erhalten hatte \u00fcberw\u00e4ltigt und lehnte die Einladung ab Der Schattenleser lachte darauf und meinte, das spiele \u00fcberhaupt keine Rolle&#8230;\u201cdu wirst diese Art von Arbeit so oder so machen\u201c, sagte er. \u201cEin System wird in dein Leben treten, du wirst dar\u00fcber B\u00fccher schreiben und Tausende von Menschen auf der ganzen Welt damit bekannt machen. Dadurch wird ihr Leben transformiert\u2026 und ich rate dir, fang an, den Menschen, die du magst, Readings zu geben und zu \u00fcben, damit du dann bereit bist.\u201d\n\nEine Woche sp\u00e4ter begegnete Chetan einem Handleser, der ihm zehn Minuten lang seine Handlinien und Markierungen erkl\u00e4rte. Als die zehn Minuten vorbei waren, schloss er Chetans H\u00e4nde und sagte: \u201cSo das reicht, nun geh und \u00fcbe!\u201c Und so las Chetan f\u00fcr die kommenden vierzehn Jahre jedem, der es wollte, die Hand. Er befasste sich auch mit anderen unz\u00e4hligen Methoden der Wahrsagung und Systemen, die dem Menschen seine wahre Natur zeigen\u2026 dabei fragte er sich immer, welches System wohl der Schattenleser gemeint hatte.\n\n1993 traf Chetan einen Mann namens Ra Uru Hu. Dieser hatte das Human Design empfangen und mit seiner Verbreitung begonnen. Chetan arbeitete die n\u00e4chsten sieben Jahre mit Ra zusammen, so begann seine Reise zur Vervollkommnung des Systems. Chetans Gabe besteht aus einer Kombination von technischen F\u00e4higkeiten und reiner Intuition. Chetan ist ein fesselnder Redner \u2013 unterhaltsam, humorvoll, inspirierend und pragmatisch. Durch seine Worte beginnt f\u00fcr viele ein grosser innerer Wandel.\n\nIm Laufe seines Human Design Studiums gab Chetan Tausende von pers\u00f6nlichen und Partnerschaft Readings und es wurde ihm in den vielen Jahren auch klar, dass nur wenige Menschen zu diesem aussergew\u00f6hnlich reichen System Zugang hatten. Im Jahre 2000 f\u00fchlte er sich dazu berufen, das System einem breiteren Publikum zug\u00e4nglich zu machen. Chetan begann, Ausbildungen und Seminar mit der Unterst\u00fctzung seiner Lebenspartnerin Carola Eastwood zu geben. Zusammen riefen sie auch das Training f\u00fcr den Human Design Practitioner ins Leben. Doch das ist noch nicht alles.\n\n2009 schrieb Chetan das erste umfassende Buch \u00fcber Human Design. Es wurde von Harper Collins, GB und in 2010 von New World Library in den USA publiziert. Seit 2015 ist auch die deutsche Fassung vom L\u00fcchow Verlag erh\u00e4ltlich. In Kombination mit der Gratis Software kann so jeder sein eigenes Life Chart generieren und interpretieren. Seit kurzem sind auch die umfassenden Human Design Berichte online verf\u00fcgbar. Dank Chetan und Carola ist Human Design nun f\u00fcr die ganze Welt zug\u00e4nglich und weil mehr und mehr Menschen in Verbindung mit ihrem einzigartigen Design sind, wird dies auch die Lebensqualit\u00e4t auf unserem Planeten verbessern!\t\t\t\t\t\t\t\t<\/div>\n\t\t\t\t<\/div>\n\t\t\t\t\t<\/div>\n\t\t<\/div>\n\t\t\t\t\t<\/div>\n\t\t<\/section>\n\t\t\t\t<section class=\"has_eae_slider elementor-section elementor-top-section elementor-element elementor-element-3b418bb elementor-section-boxed elementor-section-height-default elementor-section-height-default\" data-eae-slider=\"54205\" data-id=\"3b418bb\" data-element_type=\"section\" data-e-type=\"section\">\n\t\t\t\t\t\t<div class=\"elementor-container elementor-column-gap-default\">\n\t\t\t\t\t<div class=\"has_eae_slider elementor-column elementor-col-100 elementor-top-column elementor-element elementor-element-6098dbd\" data-eae-slider=\"51236\" data-id=\"6098dbd\" data-element_type=\"column\" data-e-type=\"column\">\n\t\t\t<div class=\"elementor-widget-wrap\">\n\t\t\t\t\t\t\t<\/div>\n\t\t<\/div>\n\t\t\t\t\t<\/div>\n\t\t<\/section>\n\t\t\t\t<\/div>\n\t\t","protected":false},"excerpt":{"rendered":"<p>&#8222;Seine Worte k\u00f6nnen Leben ver\u00e4ndern&#8220; Chetan Parkyn gibt seit f\u00fcnfunddreissig Jahren Readings f\u00fcr Menschen aus allen Gesellschaftsschichten und&#8230;<\/p>\n","protected":false},"author":51,"featured_media":0,"parent":0,"menu_order":0,"comment_status":"closed","ping_status":"closed","template":"elementor_header_footer","meta":{"_acf_changed":false,"inline_featured_image":false,"footnotes":"","_wp_rev_ctl_limit":""},"class_list":["post-79369","page","type-page","status-publish","hentry"],"acf":[],"yoast_head":"<!-- This site is optimized with the Yoast SEO plugin v27.5 - https:\/\/yoast.com\/product\/yoast-seo-wordpress\/ -->\n<title>Chetan Parkyn | Human Design for Us All<\/title>\n<meta name=\"description\" content=\"When Chetan speaks, lives change\" \/>\n<meta name=\"robots\" content=\"index, follow, max-snippet:-1, max-image-preview:large, max-video-preview:-1\" \/>\n<link rel=\"canonical\" href=\"https:\/\/evolutionaryhumandesign.com\/de\/chetan-parkyn\/\" \/>\n<meta property=\"og:locale\" content=\"de_DE\" \/>\n<meta property=\"og:type\" content=\"article\" \/>\n<meta property=\"og:title\" content=\"Chetan Parkyn | Human Design for Us All\" \/>\n<meta property=\"og:description\" content=\"When Chetan speaks, lives change\" \/>\n<meta property=\"og:url\" content=\"https:\/\/evolutionaryhumandesign.com\/de\/chetan-parkyn\/\" \/>\n<meta property=\"og:site_name\" content=\"Home\" \/>\n<meta property=\"article:modified_time\" content=\"2019-12-10T14:48:12+00:00\" \/>\n<meta property=\"og:image\" content=\"http:\/\/humandesignforusall.ebizontech.biz\/wp-content\/uploads\/2019\/10\/Chetan-Clear-smaller.jpg\" \/>\n<meta name=\"twitter:card\" content=\"summary_large_image\" \/>\n<meta name=\"twitter:label1\" content=\"Gesch\u00e4tzte Lesezeit\" \/>\n\t<meta name=\"twitter:data1\" content=\"3 Minuten\" \/>\n<script type=\"application\/ld+json\" class=\"yoast-schema-graph\">{\"@context\":\"https:\\\/\\\/schema.org\",\"@graph\":[{\"@type\":\"WebPage\",\"@id\":\"https:\\\/\\\/evolutionaryhumandesign.com\\\/de\\\/chetan-parkyn\\\/\",\"url\":\"https:\\\/\\\/evolutionaryhumandesign.com\\\/de\\\/chetan-parkyn\\\/\",\"name\":\"Chetan Parkyn | Human Design for Us All\",\"isPartOf\":{\"@id\":\"https:\\\/\\\/evolutionaryhumandesign.com\\\/de\\\/#website\"},\"primaryImageOfPage\":{\"@id\":\"https:\\\/\\\/evolutionaryhumandesign.com\\\/de\\\/chetan-parkyn\\\/#primaryimage\"},\"image\":{\"@id\":\"https:\\\/\\\/evolutionaryhumandesign.com\\\/de\\\/chetan-parkyn\\\/#primaryimage\"},\"thumbnailUrl\":\"http:\\\/\\\/humandesignforusall.ebizontech.biz\\\/wp-content\\\/uploads\\\/2019\\\/10\\\/Chetan-Clear-smaller.jpg\",\"datePublished\":\"2018-07-28T16:07:17+00:00\",\"dateModified\":\"2019-12-10T14:48:12+00:00\",\"description\":\"When Chetan speaks, lives change\",\"breadcrumb\":{\"@id\":\"https:\\\/\\\/evolutionaryhumandesign.com\\\/de\\\/chetan-parkyn\\\/#breadcrumb\"},\"inLanguage\":\"de-DE\",\"potentialAction\":[{\"@type\":\"ReadAction\",\"target\":[\"https:\\\/\\\/evolutionaryhumandesign.com\\\/de\\\/chetan-parkyn\\\/\"]}]},{\"@type\":\"ImageObject\",\"inLanguage\":\"de-DE\",\"@id\":\"https:\\\/\\\/evolutionaryhumandesign.com\\\/de\\\/chetan-parkyn\\\/#primaryimage\",\"url\":\"http:\\\/\\\/humandesignforusall.ebizontech.biz\\\/wp-content\\\/uploads\\\/2019\\\/10\\\/Chetan-Clear-smaller.jpg\",\"contentUrl\":\"http:\\\/\\\/humandesignforusall.ebizontech.biz\\\/wp-content\\\/uploads\\\/2019\\\/10\\\/Chetan-Clear-smaller.jpg\"},{\"@type\":\"BreadcrumbList\",\"@id\":\"https:\\\/\\\/evolutionaryhumandesign.com\\\/de\\\/chetan-parkyn\\\/#breadcrumb\",\"itemListElement\":[{\"@type\":\"ListItem\",\"position\":1,\"name\":\"Home\",\"item\":\"https:\\\/\\\/evolutionaryhumandesign.com\\\/de\\\/\"},{\"@type\":\"ListItem\",\"position\":2,\"name\":\"About\"}]},{\"@type\":\"WebSite\",\"@id\":\"https:\\\/\\\/evolutionaryhumandesign.com\\\/de\\\/#website\",\"url\":\"https:\\\/\\\/evolutionaryhumandesign.com\\\/de\\\/\",\"name\":\"Home\",\"description\":\"Just another WordPress site\",\"potentialAction\":[{\"@type\":\"SearchAction\",\"target\":{\"@type\":\"EntryPoint\",\"urlTemplate\":\"https:\\\/\\\/evolutionaryhumandesign.com\\\/de\\\/?s={search_term_string}\"},\"query-input\":{\"@type\":\"PropertyValueSpecification\",\"valueRequired\":true,\"valueName\":\"search_term_string\"}}],\"inLanguage\":\"de-DE\"}]}<\/script>\n<!-- \/ Yoast SEO plugin. -->","yoast_head_json":{"title":"Chetan Parkyn | Human Design for Us All","description":"When Chetan speaks, lives change","robots":{"index":"index","follow":"follow","max-snippet":"max-snippet:-1","max-image-preview":"max-image-preview:large","max-video-preview":"max-video-preview:-1"},"canonical":"https:\/\/evolutionaryhumandesign.com\/de\/chetan-parkyn\/","og_locale":"de_DE","og_type":"article","og_title":"Chetan Parkyn | Human Design for Us All","og_description":"When Chetan speaks, lives change","og_url":"https:\/\/evolutionaryhumandesign.com\/de\/chetan-parkyn\/","og_site_name":"Home","article_modified_time":"2019-12-10T14:48:12+00:00","og_image":[{"url":"http:\/\/humandesignforusall.ebizontech.biz\/wp-content\/uploads\/2019\/10\/Chetan-Clear-smaller.jpg","type":"","width":"","height":""}],"twitter_card":"summary_large_image","twitter_misc":{"Gesch\u00e4tzte Lesezeit":"3 Minuten"},"schema":{"@context":"https:\/\/schema.org","@graph":[{"@type":"WebPage","@id":"https:\/\/evolutionaryhumandesign.com\/de\/chetan-parkyn\/","url":"https:\/\/evolutionaryhumandesign.com\/de\/chetan-parkyn\/","name":"Chetan Parkyn | Human Design for Us All","isPartOf":{"@id":"https:\/\/evolutionaryhumandesign.com\/de\/#website"},"primaryImageOfPage":{"@id":"https:\/\/evolutionaryhumandesign.com\/de\/chetan-parkyn\/#primaryimage"},"image":{"@id":"https:\/\/evolutionaryhumandesign.com\/de\/chetan-parkyn\/#primaryimage"},"thumbnailUrl":"http:\/\/humandesignforusall.ebizontech.biz\/wp-content\/uploads\/2019\/10\/Chetan-Clear-smaller.jpg","datePublished":"2018-07-28T16:07:17+00:00","dateModified":"2019-12-10T14:48:12+00:00","description":"When Chetan speaks, lives change","breadcrumb":{"@id":"https:\/\/evolutionaryhumandesign.com\/de\/chetan-parkyn\/#breadcrumb"},"inLanguage":"de-DE","potentialAction":[{"@type":"ReadAction","target":["https:\/\/evolutionaryhumandesign.com\/de\/chetan-parkyn\/"]}]},{"@type":"ImageObject","inLanguage":"de-DE","@id":"https:\/\/evolutionaryhumandesign.com\/de\/chetan-parkyn\/#primaryimage","url":"http:\/\/humandesignforusall.ebizontech.biz\/wp-content\/uploads\/2019\/10\/Chetan-Clear-smaller.jpg","contentUrl":"http:\/\/humandesignforusall.ebizontech.biz\/wp-content\/uploads\/2019\/10\/Chetan-Clear-smaller.jpg"},{"@type":"BreadcrumbList","@id":"https:\/\/evolutionaryhumandesign.com\/de\/chetan-parkyn\/#breadcrumb","itemListElement":[{"@type":"ListItem","position":1,"name":"Home","item":"https:\/\/evolutionaryhumandesign.com\/de\/"},{"@type":"ListItem","position":2,"name":"About"}]},{"@type":"WebSite","@id":"https:\/\/evolutionaryhumandesign.com\/de\/#website","url":"https:\/\/evolutionaryhumandesign.com\/de\/","name":"Home","description":"Just another WordPress site","potentialAction":[{"@type":"SearchAction","target":{"@type":"EntryPoint","urlTemplate":"https:\/\/evolutionaryhumandesign.com\/de\/?s={search_term_string}"},"query-input":{"@type":"PropertyValueSpecification","valueRequired":true,"valueName":"search_term_string"}}],"inLanguage":"de-DE"}]}},"_links":{"self":[{"href":"https:\/\/evolutionaryhumandesign.com\/de\/wp-json\/wp\/v2\/pages\/79369","targetHints":{"allow":["GET"]}}],"collection":[{"href":"https:\/\/evolutionaryhumandesign.com\/de\/wp-json\/wp\/v2\/pages"}],"about":[{"href":"https:\/\/evolutionaryhumandesign.com\/de\/wp-json\/wp\/v2\/types\/page"}],"author":[{"embeddable":true,"href":"https:\/\/evolutionaryhumandesign.com\/de\/wp-json\/wp\/v2\/users\/51"}],"replies":[{"embeddable":true,"href":"https:\/\/evolutionaryhumandesign.com\/de\/wp-json\/wp\/v2\/comments?post=79369"}],"version-history":[{"count":0,"href":"https:\/\/evolutionaryhumandesign.com\/de\/wp-json\/wp\/v2\/pages\/79369\/revisions"}],"wp:attachment":[{"href":"https:\/\/evolutionaryhumandesign.com\/de\/wp-json\/wp\/v2\/media?parent=79369"}],"curies":[{"name":"wp","href":"https:\/\/api.w.org\/{rel}","templated":true}]}}